{"id":10878,"date":"2025-06-04T17:32:34","date_gmt":"2025-06-04T14:32:34","guid":{"rendered":"https:\/\/www.forlife.com.tr\/?post_type=product&#038;p=10878"},"modified":"2025-06-04T17:33:32","modified_gmt":"2025-06-04T14:33:32","slug":"aluminyum-bakir-trifaze-montaj-aparatlari-4","status":"publish","type":"product","link":"https:\/\/www.forlife.com.tr\/en\/product\/aluminyum-bakir-trifaze-montaj-aparatlari-4","title":{"rendered":"Al\u00fcminyum-Bak\u0131r Trifaze Montaj Aparatlar\u0131"},"content":{"rendered":"<p>Enerji Giri\u015fi<br \/>\n*Siyah ve beyaz renk se\u00e7enekleri mevcuttur<\/p>","protected":false},"excerpt":{"rendered":"<p>Enerji Giri\u015fi<br \/>\n*Siyah ve beyaz renk se\u00e7enekleri mevcuttur<\/p>","protected":false},"featured_media":10879,"template":"","meta":{"_joinchat":[]},"product_brand":[],"product_cat":[693,711,136],"product_tag":[],"class_list":{"0":"post-10878","1":"product","2":"type-product","3":"status-publish","4":"has-post-thumbnail","6":"product_cat-ray-spotlar-hareketli-ray-armaturleri-ray-ve-ekipmanlari","7":"product_cat-ray-ve-ekipmanlari","8":"product_cat-ic-mekan","10":"first","11":"instock","12":"shipping-taxable","13":"purchasable","14":"product-type-simple"},"_links":{"self":[{"href":"https:\/\/www.forlife.com.tr\/en\/wp-json\/wp\/v2\/product\/10878","targetHints":{"allow":["GET"]}}],"collection":[{"href":"https:\/\/www.forlife.com.tr\/en\/wp-json\/wp\/v2\/product"}],"about":[{"href":"https:\/\/www.forlife.com.tr\/en\/wp-json\/wp\/v2\/types\/product"}],"wp:featuredmedia":[{"embeddable":true,"href":"https:\/\/www.forlife.com.tr\/en\/wp-json\/wp\/v2\/media\/10879"}],"wp:attachment":[{"href":"https:\/\/www.forlife.com.tr\/en\/wp-json\/wp\/v2\/media?parent=10878"}],"wp:term":[{"taxonomy":"product_brand","embeddable":true,"href":"https:\/\/www.forlife.com.tr\/en\/wp-json\/wp\/v2\/product_brand?post=10878"},{"taxonomy":"product_cat","embeddable":true,"href":"https:\/\/www.forlife.com.tr\/en\/wp-json\/wp\/v2\/product_cat?post=10878"},{"taxonomy":"product_tag","embeddable":true,"href":"https:\/\/www.forlife.com.tr\/en\/wp-json\/wp\/v2\/product_tag?post=10878"}],"curies":[{"name":"wp","href":"https:\/\/api.w.org\/{rel}","templated":true}]}}