{"id":10867,"date":"2025-06-04T17:17:42","date_gmt":"2025-06-04T14:17:42","guid":{"rendered":"https:\/\/www.forlife.com.tr\/?post_type=product&#038;p=10867"},"modified":"2025-06-04T17:18:29","modified_gmt":"2025-06-04T14:18:29","slug":"aluminyum-bakir-siva-ustu-trifaze-ray-3","status":"publish","type":"product","link":"https:\/\/www.forlife.com.tr\/en\/product\/aluminyum-bakir-siva-ustu-trifaze-ray-3","title":{"rendered":"Al\u00fcminyum-Bak\u0131r S\u0131va \u00dcst\u00fc Trifaze Ray"},"content":{"rendered":"<p>*Siyah ve beyaz renk se\u00e7enekleri mevcuttur<\/p>","protected":false},"excerpt":{"rendered":"<p>*Siyah ve beyaz renk se\u00e7enekleri mevcuttur<\/p>","protected":false},"featured_media":10865,"template":"","meta":{"_joinchat":[]},"product_brand":[],"product_cat":[693,136,711],"product_tag":[],"class_list":{"0":"post-10867","1":"product","2":"type-product","3":"status-publish","4":"has-post-thumbnail","6":"product_cat-ray-spotlar-hareketli-ray-armaturleri-ray-ve-ekipmanlari","7":"product_cat-ic-mekan","8":"product_cat-ray-ve-ekipmanlari","10":"first","11":"instock","12":"shipping-taxable","13":"purchasable","14":"product-type-simple"},"_links":{"self":[{"href":"https:\/\/www.forlife.com.tr\/en\/wp-json\/wp\/v2\/product\/10867","targetHints":{"allow":["GET"]}}],"collection":[{"href":"https:\/\/www.forlife.com.tr\/en\/wp-json\/wp\/v2\/product"}],"about":[{"href":"https:\/\/www.forlife.com.tr\/en\/wp-json\/wp\/v2\/types\/product"}],"wp:featuredmedia":[{"embeddable":true,"href":"https:\/\/www.forlife.com.tr\/en\/wp-json\/wp\/v2\/media\/10865"}],"wp:attachment":[{"href":"https:\/\/www.forlife.com.tr\/en\/wp-json\/wp\/v2\/media?parent=10867"}],"wp:term":[{"taxonomy":"product_brand","embeddable":true,"href":"https:\/\/www.forlife.com.tr\/en\/wp-json\/wp\/v2\/product_brand?post=10867"},{"taxonomy":"product_cat","embeddable":true,"href":"https:\/\/www.forlife.com.tr\/en\/wp-json\/wp\/v2\/product_cat?post=10867"},{"taxonomy":"product_tag","embeddable":true,"href":"https:\/\/www.forlife.com.tr\/en\/wp-json\/wp\/v2\/product_tag?post=10867"}],"curies":[{"name":"wp","href":"https:\/\/api.w.org\/{rel}","templated":true}]}}