{"id":10856,"date":"2025-06-04T16:43:59","date_gmt":"2025-06-04T13:43:59","guid":{"rendered":"https:\/\/www.forlife.com.tr\/?post_type=product&#038;p=10856"},"modified":"2025-06-04T17:01:59","modified_gmt":"2025-06-04T14:01:59","slug":"aluminyum-bakir-monofaze-ray-2","status":"publish","type":"product","link":"https:\/\/www.forlife.com.tr\/en\/product\/aluminyum-bakir-monofaze-ray-2","title":{"rendered":"Al\u00fcminyum-Bak\u0131r Monofaze Ray"},"content":{"rendered":"<p>*Siyah ve beyaz renk se\u00e7enekleri mevcuttur.<\/p>","protected":false},"excerpt":{"rendered":"<p>*Siyah ve beyaz renk se\u00e7enekleri mevcuttur.<\/p>","protected":false},"featured_media":10859,"template":"","meta":{"_joinchat":[]},"product_brand":[],"product_cat":[693,711,136],"product_tag":[],"class_list":{"0":"post-10856","1":"product","2":"type-product","3":"status-publish","4":"has-post-thumbnail","6":"product_cat-ray-spotlar-hareketli-ray-armaturleri-ray-ve-ekipmanlari","7":"product_cat-ray-ve-ekipmanlari","8":"product_cat-ic-mekan","10":"first","11":"instock","12":"shipping-taxable","13":"purchasable","14":"product-type-simple"},"_links":{"self":[{"href":"https:\/\/www.forlife.com.tr\/en\/wp-json\/wp\/v2\/product\/10856","targetHints":{"allow":["GET"]}}],"collection":[{"href":"https:\/\/www.forlife.com.tr\/en\/wp-json\/wp\/v2\/product"}],"about":[{"href":"https:\/\/www.forlife.com.tr\/en\/wp-json\/wp\/v2\/types\/product"}],"wp:featuredmedia":[{"embeddable":true,"href":"https:\/\/www.forlife.com.tr\/en\/wp-json\/wp\/v2\/media\/10859"}],"wp:attachment":[{"href":"https:\/\/www.forlife.com.tr\/en\/wp-json\/wp\/v2\/media?parent=10856"}],"wp:term":[{"taxonomy":"product_brand","embeddable":true,"href":"https:\/\/www.forlife.com.tr\/en\/wp-json\/wp\/v2\/product_brand?post=10856"},{"taxonomy":"product_cat","embeddable":true,"href":"https:\/\/www.forlife.com.tr\/en\/wp-json\/wp\/v2\/product_cat?post=10856"},{"taxonomy":"product_tag","embeddable":true,"href":"https:\/\/www.forlife.com.tr\/en\/wp-json\/wp\/v2\/product_tag?post=10856"}],"curies":[{"name":"wp","href":"https:\/\/api.w.org\/{rel}","templated":true}]}}