{"id":10849,"date":"2025-06-04T16:20:48","date_gmt":"2025-06-04T13:20:48","guid":{"rendered":"https:\/\/www.forlife.com.tr\/?post_type=product&#038;p=10849"},"modified":"2025-06-04T16:22:40","modified_gmt":"2025-06-04T13:22:40","slug":"opak-difuzorlu-monofaze-ray-armaturleri-3","status":"publish","type":"product","link":"https:\/\/www.forlife.com.tr\/en\/product\/opak-difuzorlu-monofaze-ray-armaturleri-3","title":{"rendered":"Opak Dif\u00fcz\u00f6rl\u00fc Monofaze Ray Armat\u00fcrleri"},"content":{"rendered":"<p>OSRAM Led<br \/>\nMetal G\u00f6vde<br \/>\nY\u00fcksek L\u00fcmen<br \/>\nY\u00fcksek CRI de\u011feri<br \/>\nPratik Hareket Kabiliyeti<\/p>","protected":false},"excerpt":{"rendered":"<p>OSRAM Led<br \/>\nMetal G\u00f6vde<br \/>\nY\u00fcksek L\u00fcmen<br \/>\nY\u00fcksek CRI de\u011feri<br \/>\nPratik Hareket Kabiliyeti<\/p>","protected":false},"featured_media":10850,"template":"","meta":{"_joinchat":[]},"product_brand":[],"product_cat":[707,136],"product_tag":[],"class_list":{"0":"post-10849","1":"product","2":"type-product","3":"status-publish","4":"has-post-thumbnail","6":"product_cat-hareketli-ray-armaturleri","7":"product_cat-ic-mekan","8":"pa_isik-sicakligi-6500k-tr","9":"pa_isik-sicakligi-3200k","10":"pa_isik-sicakligi-4000k","11":"pa_lumen-2400-lumen","12":"pa_volt-220-volt","13":"pa_watt-20-watt","15":"first","16":"instock","17":"shipping-taxable","18":"purchasable","19":"product-type-simple"},"_links":{"self":[{"href":"https:\/\/www.forlife.com.tr\/en\/wp-json\/wp\/v2\/product\/10849","targetHints":{"allow":["GET"]}}],"collection":[{"href":"https:\/\/www.forlife.com.tr\/en\/wp-json\/wp\/v2\/product"}],"about":[{"href":"https:\/\/www.forlife.com.tr\/en\/wp-json\/wp\/v2\/types\/product"}],"wp:featuredmedia":[{"embeddable":true,"href":"https:\/\/www.forlife.com.tr\/en\/wp-json\/wp\/v2\/media\/10850"}],"wp:attachment":[{"href":"https:\/\/www.forlife.com.tr\/en\/wp-json\/wp\/v2\/media?parent=10849"}],"wp:term":[{"taxonomy":"product_brand","embeddable":true,"href":"https:\/\/www.forlife.com.tr\/en\/wp-json\/wp\/v2\/product_brand?post=10849"},{"taxonomy":"product_cat","embeddable":true,"href":"https:\/\/www.forlife.com.tr\/en\/wp-json\/wp\/v2\/product_cat?post=10849"},{"taxonomy":"product_tag","embeddable":true,"href":"https:\/\/www.forlife.com.tr\/en\/wp-json\/wp\/v2\/product_tag?post=10849"}],"curies":[{"name":"wp","href":"https:\/\/api.w.org\/{rel}","templated":true}]}}