{"id":10796,"date":"2025-06-02T17:01:56","date_gmt":"2025-06-02T14:01:56","guid":{"rendered":"https:\/\/www.forlife.com.tr\/?post_type=product&#038;p=10796"},"modified":"2025-06-02T17:09:44","modified_gmt":"2025-06-02T14:09:44","slug":"20-cm-kompakt-lensli-monofaze-ray-armaturleri-5","status":"publish","type":"product","link":"https:\/\/www.forlife.com.tr\/en\/product\/20-cm-kompakt-lensli-monofaze-ray-armaturleri-5","title":{"rendered":"20 cm Kompakt Lensli Monofaze Ray Armat\u00fcrleri"},"content":{"rendered":"<p>OSRAM Led<br \/>\nMetal G\u00f6vde<br \/>\nY\u00fcksek L\u00fcmen<br \/>\nY\u00fcksek CRI de\u011feri<br \/>\nPratik Hareket Kabiliyeti<br \/>\nUygulama alan\u0131n\u0131za uygun reflekt\u00f6r rengi se\u00e7enekleri<\/p>","protected":false},"excerpt":{"rendered":"<p>OSRAM Led<br \/>\nMetal G\u00f6vde<br \/>\nY\u00fcksek L\u00fcmen<br \/>\nY\u00fcksek CRI de\u011feri<br \/>\nPratik Hareket Kabiliyeti<br \/>\nUygulama alan\u0131n\u0131za uygun reflekt\u00f6r rengi se\u00e7enekleri<\/p>","protected":false},"featured_media":10797,"template":"","meta":{"_joinchat":[]},"product_brand":[],"product_cat":[707,136],"product_tag":[],"class_list":{"0":"post-10796","1":"product","2":"type-product","3":"status-publish","4":"has-post-thumbnail","6":"product_cat-hareketli-ray-armaturleri","7":"product_cat-ic-mekan","8":"pa_isik-sicakligi-6500k-tr","9":"pa_isik-sicakligi-3200k","10":"pa_isik-sicakligi-4000k","11":"pa_lumen-900-lumen","12":"pa_volt-220-volt","13":"pa_watt-10-watt","15":"first","16":"instock","17":"shipping-taxable","18":"purchasable","19":"product-type-simple"},"_links":{"self":[{"href":"https:\/\/www.forlife.com.tr\/en\/wp-json\/wp\/v2\/product\/10796","targetHints":{"allow":["GET"]}}],"collection":[{"href":"https:\/\/www.forlife.com.tr\/en\/wp-json\/wp\/v2\/product"}],"about":[{"href":"https:\/\/www.forlife.com.tr\/en\/wp-json\/wp\/v2\/types\/product"}],"wp:featuredmedia":[{"embeddable":true,"href":"https:\/\/www.forlife.com.tr\/en\/wp-json\/wp\/v2\/media\/10797"}],"wp:attachment":[{"href":"https:\/\/www.forlife.com.tr\/en\/wp-json\/wp\/v2\/media?parent=10796"}],"wp:term":[{"taxonomy":"product_brand","embeddable":true,"href":"https:\/\/www.forlife.com.tr\/en\/wp-json\/wp\/v2\/product_brand?post=10796"},{"taxonomy":"product_cat","embeddable":true,"href":"https:\/\/www.forlife.com.tr\/en\/wp-json\/wp\/v2\/product_cat?post=10796"},{"taxonomy":"product_tag","embeddable":true,"href":"https:\/\/www.forlife.com.tr\/en\/wp-json\/wp\/v2\/product_tag?post=10796"}],"curies":[{"name":"wp","href":"https:\/\/api.w.org\/{rel}","templated":true}]}}