{"id":10765,"date":"2025-06-02T14:49:38","date_gmt":"2025-06-02T11:49:38","guid":{"rendered":"https:\/\/www.forlife.com.tr\/?post_type=product&#038;p=10765"},"modified":"2025-06-04T17:45:15","modified_gmt":"2025-06-04T14:45:15","slug":"12-watt-ray-spot","status":"publish","type":"product","link":"https:\/\/www.forlife.com.tr\/en\/product\/12-watt-ray-spot","title":{"rendered":"12 Watt Ray Spot"},"content":{"rendered":"<p>Bridgelux Led<br \/>\nAk\u0131ll\u0131 So\u011futma Sistemi<br \/>\nY\u00fcksek CRI De\u011feri<br \/>\nPratik Hareket Kabiliyeti<\/p>","protected":false},"excerpt":{"rendered":"<p>Bridgelux Led<br \/>\nAk\u0131ll\u0131 So\u011futma Sistemi<br \/>\nY\u00fcksek CRI De\u011feri<br \/>\nPratik Hareket Kabiliyeti<\/p>","protected":false},"featured_media":10766,"template":"","meta":{"_joinchat":[]},"product_brand":[],"product_cat":[693,694,136,712],"product_tag":[],"class_list":{"0":"post-10765","1":"product","2":"type-product","3":"status-publish","4":"has-post-thumbnail","6":"product_cat-ray-spotlar-hareketli-ray-armaturleri-ray-ve-ekipmanlari","7":"product_cat-ray-spotlar","8":"product_cat-ic-mekan","9":"product_cat-pc-ray-ve-ekipmanlari","10":"pa_isik-sicakligi-3200k","11":"pa_isik-sicakligi-6500k-tr","12":"pa_lumen-1080-lumen","13":"pa_watt-12-watt","15":"first","16":"instock","17":"shipping-taxable","18":"purchasable","19":"product-type-simple"},"_links":{"self":[{"href":"https:\/\/www.forlife.com.tr\/en\/wp-json\/wp\/v2\/product\/10765","targetHints":{"allow":["GET"]}}],"collection":[{"href":"https:\/\/www.forlife.com.tr\/en\/wp-json\/wp\/v2\/product"}],"about":[{"href":"https:\/\/www.forlife.com.tr\/en\/wp-json\/wp\/v2\/types\/product"}],"wp:featuredmedia":[{"embeddable":true,"href":"https:\/\/www.forlife.com.tr\/en\/wp-json\/wp\/v2\/media\/10766"}],"wp:attachment":[{"href":"https:\/\/www.forlife.com.tr\/en\/wp-json\/wp\/v2\/media?parent=10765"}],"wp:term":[{"taxonomy":"product_brand","embeddable":true,"href":"https:\/\/www.forlife.com.tr\/en\/wp-json\/wp\/v2\/product_brand?post=10765"},{"taxonomy":"product_cat","embeddable":true,"href":"https:\/\/www.forlife.com.tr\/en\/wp-json\/wp\/v2\/product_cat?post=10765"},{"taxonomy":"product_tag","embeddable":true,"href":"https:\/\/www.forlife.com.tr\/en\/wp-json\/wp\/v2\/product_tag?post=10765"}],"curies":[{"name":"wp","href":"https:\/\/api.w.org\/{rel}","templated":true}]}}