{"id":10759,"date":"2025-06-02T14:43:21","date_gmt":"2025-06-02T11:43:21","guid":{"rendered":"https:\/\/www.forlife.com.tr\/?post_type=product&#038;p=10759"},"modified":"2025-06-02T14:43:56","modified_gmt":"2025-06-02T11:43:56","slug":"reyon-ray-spotlari-4","status":"publish","type":"product","link":"https:\/\/www.forlife.com.tr\/en\/product\/reyon-ray-spotlari-4","title":{"rendered":"Reyon Ray Spotlar\u0131"},"content":{"rendered":"<p>OSRAM \/ LEDVANCE Led<br \/>\nMetal G\u00f6vde<br \/>\nAk\u0131ll\u0131 So\u011futma Sistemi<br \/>\nY\u00fcksek CRI De\u011feri<br \/>\nPratik Hareket Kabiliyeti<br \/>\nKullan\u0131m amac\u0131n\u0131za uygun \u0131\u015f\u0131k renkleri ile profesyonel \u00e7\u00f6z\u00fcmler<\/p>","protected":false},"excerpt":{"rendered":"<p>OSRAM \/ LEDVANCE Led<br \/>\nMetal G\u00f6vde<br \/>\nAk\u0131ll\u0131 So\u011futma Sistemi<br \/>\nY\u00fcksek CRI De\u011feri<br \/>\nPratik Hareket Kabiliyeti<br \/>\nKullan\u0131m amac\u0131n\u0131za uygun \u0131\u015f\u0131k renkleri ile profesyonel \u00e7\u00f6z\u00fcmler<\/p>","protected":false},"featured_media":10750,"template":"","meta":{"_joinchat":[]},"product_brand":[],"product_cat":[693,694,136],"product_tag":[],"class_list":{"0":"post-10759","1":"product","2":"type-product","3":"status-publish","4":"has-post-thumbnail","6":"product_cat-ray-spotlar-hareketli-ray-armaturleri-ray-ve-ekipmanlari","7":"product_cat-ray-spotlar","8":"product_cat-ic-mekan","9":"pa_isik-sicakligi-opsiyonel","10":"pa_lumen-2700-lumen","11":"pa_volt-220-volt","12":"pa_watt-30-watt","14":"first","15":"instock","16":"shipping-taxable","17":"purchasable","18":"product-type-simple"},"_links":{"self":[{"href":"https:\/\/www.forlife.com.tr\/en\/wp-json\/wp\/v2\/product\/10759","targetHints":{"allow":["GET"]}}],"collection":[{"href":"https:\/\/www.forlife.com.tr\/en\/wp-json\/wp\/v2\/product"}],"about":[{"href":"https:\/\/www.forlife.com.tr\/en\/wp-json\/wp\/v2\/types\/product"}],"wp:featuredmedia":[{"embeddable":true,"href":"https:\/\/www.forlife.com.tr\/en\/wp-json\/wp\/v2\/media\/10750"}],"wp:attachment":[{"href":"https:\/\/www.forlife.com.tr\/en\/wp-json\/wp\/v2\/media?parent=10759"}],"wp:term":[{"taxonomy":"product_brand","embeddable":true,"href":"https:\/\/www.forlife.com.tr\/en\/wp-json\/wp\/v2\/product_brand?post=10759"},{"taxonomy":"product_cat","embeddable":true,"href":"https:\/\/www.forlife.com.tr\/en\/wp-json\/wp\/v2\/product_cat?post=10759"},{"taxonomy":"product_tag","embeddable":true,"href":"https:\/\/www.forlife.com.tr\/en\/wp-json\/wp\/v2\/product_tag?post=10759"}],"curies":[{"name":"wp","href":"https:\/\/api.w.org\/{rel}","templated":true}]}}