{"id":10604,"date":"2025-05-28T17:24:39","date_gmt":"2025-05-28T14:24:39","guid":{"rendered":"https:\/\/www.forlife.com.tr\/?post_type=product&#038;p=10604"},"modified":"2025-05-28T17:27:09","modified_gmt":"2025-05-28T14:27:09","slug":"siva-ustu-magnet-ray-4","status":"publish","type":"product","link":"https:\/\/www.forlife.com.tr\/en\/product\/siva-ustu-magnet-ray-4","title":{"rendered":"S\u0131va \u00dcst\u00fc Magnet Ray"},"content":{"rendered":"<p>S\u0131va \u00dcst\u00fc Magnet Ray<\/p>","protected":false},"excerpt":{"rendered":"<p>S\u0131va \u00dcst\u00fc Magnet Ray<\/p>","protected":false},"featured_media":10605,"template":"","meta":{"_joinchat":[]},"product_brand":[],"product_cat":[525,608,134,664,668],"product_tag":[],"class_list":{"0":"post-10604","1":"product","2":"type-product","3":"status-publish","4":"has-post-thumbnail","6":"product_cat-48v-magnet-aydinlatma","7":"product_cat-klasik-seri-magnet-aydinlatma-sistemleri","8":"product_cat-magnet-aydinlatma","9":"product_cat-beyaz-kasa-magnet-aydinlatma-sistemleri","10":"product_cat-beyaz-ray-driver-ve-ekipmanlar","12":"first","13":"instock","14":"shipping-taxable","15":"purchasable","16":"product-type-simple"},"_links":{"self":[{"href":"https:\/\/www.forlife.com.tr\/en\/wp-json\/wp\/v2\/product\/10604","targetHints":{"allow":["GET"]}}],"collection":[{"href":"https:\/\/www.forlife.com.tr\/en\/wp-json\/wp\/v2\/product"}],"about":[{"href":"https:\/\/www.forlife.com.tr\/en\/wp-json\/wp\/v2\/types\/product"}],"wp:featuredmedia":[{"embeddable":true,"href":"https:\/\/www.forlife.com.tr\/en\/wp-json\/wp\/v2\/media\/10605"}],"wp:attachment":[{"href":"https:\/\/www.forlife.com.tr\/en\/wp-json\/wp\/v2\/media?parent=10604"}],"wp:term":[{"taxonomy":"product_brand","embeddable":true,"href":"https:\/\/www.forlife.com.tr\/en\/wp-json\/wp\/v2\/product_brand?post=10604"},{"taxonomy":"product_cat","embeddable":true,"href":"https:\/\/www.forlife.com.tr\/en\/wp-json\/wp\/v2\/product_cat?post=10604"},{"taxonomy":"product_tag","embeddable":true,"href":"https:\/\/www.forlife.com.tr\/en\/wp-json\/wp\/v2\/product_tag?post=10604"}],"curies":[{"name":"wp","href":"https:\/\/api.w.org\/{rel}","templated":true}]}}