{"id":10500,"date":"2025-05-25T19:01:18","date_gmt":"2025-05-25T16:01:18","guid":{"rendered":"https:\/\/www.forlife.com.tr\/?post_type=product&#038;p=10500"},"modified":"2025-05-25T19:30:50","modified_gmt":"2025-05-25T16:30:50","slug":"20w-solar-rgb-serit-led","status":"publish","type":"product","link":"https:\/\/www.forlife.com.tr\/en\/product\/20w-solar-rgb-serit-led","title":{"rendered":"20W Solar RGB \u015eerit Led"},"content":{"rendered":"<p>\u00c7evre dostu<br \/>\nKolay kurulum<br \/>\nFotosel \u00f6zelli\u011fi<br \/>\n10 metre Rulo<br \/>\n&#8211; \u00c7al\u0131\u015fma S\u00fcresi 6-12 Saat<br \/>\n&#8211; \u00c7al\u0131\u015fma S\u00fcresi 3-8 Saat<\/p>","protected":false},"excerpt":{"rendered":"<p>\u00c7evre dostu<br \/>\nKolay kurulum<br \/>\nFotosel \u00f6zelli\u011fi<br \/>\n10 metre Rulo<br \/>\n&#8211; \u00c7al\u0131\u015fma S\u00fcresi 6-12 Saat<br \/>\n&#8211; \u00c7al\u0131\u015fma S\u00fcresi 3-8 Saat<\/p>","protected":false},"featured_media":10501,"template":"","meta":{"_joinchat":[]},"product_brand":[],"product_cat":[500,662],"product_tag":[],"class_list":{"0":"post-10500","1":"product","2":"type-product","3":"status-publish","4":"has-post-thumbnail","6":"product_cat-gunes-enerjili-solar","7":"product_cat-solar-serit-led-ve-isik-zincirleri","8":"pa_isik-sicakligi-rgb","9":"pa_lumen-320-lumen","10":"pa_volt-6-volt","11":"pa_watt-20-watt","13":"first","14":"instock","15":"shipping-taxable","16":"purchasable","17":"product-type-simple"},"_links":{"self":[{"href":"https:\/\/www.forlife.com.tr\/en\/wp-json\/wp\/v2\/product\/10500","targetHints":{"allow":["GET"]}}],"collection":[{"href":"https:\/\/www.forlife.com.tr\/en\/wp-json\/wp\/v2\/product"}],"about":[{"href":"https:\/\/www.forlife.com.tr\/en\/wp-json\/wp\/v2\/types\/product"}],"wp:featuredmedia":[{"embeddable":true,"href":"https:\/\/www.forlife.com.tr\/en\/wp-json\/wp\/v2\/media\/10501"}],"wp:attachment":[{"href":"https:\/\/www.forlife.com.tr\/en\/wp-json\/wp\/v2\/media?parent=10500"}],"wp:term":[{"taxonomy":"product_brand","embeddable":true,"href":"https:\/\/www.forlife.com.tr\/en\/wp-json\/wp\/v2\/product_brand?post=10500"},{"taxonomy":"product_cat","embeddable":true,"href":"https:\/\/www.forlife.com.tr\/en\/wp-json\/wp\/v2\/product_cat?post=10500"},{"taxonomy":"product_tag","embeddable":true,"href":"https:\/\/www.forlife.com.tr\/en\/wp-json\/wp\/v2\/product_tag?post=10500"}],"curies":[{"name":"wp","href":"https:\/\/api.w.org\/{rel}","templated":true}]}}