{"id":10475,"date":"2025-05-25T16:03:50","date_gmt":"2025-05-25T13:03:50","guid":{"rendered":"https:\/\/www.forlife.com.tr\/?post_type=product&#038;p=10475"},"modified":"2025-05-25T16:04:34","modified_gmt":"2025-05-25T13:04:34","slug":"tavan-duvar-gecis-aparati-2","status":"publish","type":"product","link":"https:\/\/www.forlife.com.tr\/en\/product\/tavan-duvar-gecis-aparati-2","title":{"rendered":"Tavan-Duvar Ge\u00e7i\u015f Aparat\u0131"},"content":{"rendered":"<p>Tavan-Duvar Ge\u00e7i\u015f Aparat\u0131<\/p>","protected":false},"excerpt":{"rendered":"<p>Tavan-Duvar Ge\u00e7i\u015f Aparat\u0131<\/p>","protected":false},"featured_media":10476,"template":"","meta":{"_joinchat":[]},"product_brand":[],"product_cat":[608,609,525,134,654],"product_tag":[],"class_list":{"0":"post-10475","1":"product","2":"type-product","3":"status-publish","4":"has-post-thumbnail","6":"product_cat-klasik-seri-magnet-aydinlatma-sistemleri","7":"product_cat-siyah-kasa-magnet-aydinlatma-sistemleri","8":"product_cat-48v-magnet-aydinlatma","9":"product_cat-magnet-aydinlatma","10":"product_cat-siyah-ray-driver-ve-ekipmanlar","12":"first","13":"instock","14":"shipping-taxable","15":"purchasable","16":"product-type-simple"},"_links":{"self":[{"href":"https:\/\/www.forlife.com.tr\/en\/wp-json\/wp\/v2\/product\/10475","targetHints":{"allow":["GET"]}}],"collection":[{"href":"https:\/\/www.forlife.com.tr\/en\/wp-json\/wp\/v2\/product"}],"about":[{"href":"https:\/\/www.forlife.com.tr\/en\/wp-json\/wp\/v2\/types\/product"}],"wp:featuredmedia":[{"embeddable":true,"href":"https:\/\/www.forlife.com.tr\/en\/wp-json\/wp\/v2\/media\/10476"}],"wp:attachment":[{"href":"https:\/\/www.forlife.com.tr\/en\/wp-json\/wp\/v2\/media?parent=10475"}],"wp:term":[{"taxonomy":"product_brand","embeddable":true,"href":"https:\/\/www.forlife.com.tr\/en\/wp-json\/wp\/v2\/product_brand?post=10475"},{"taxonomy":"product_cat","embeddable":true,"href":"https:\/\/www.forlife.com.tr\/en\/wp-json\/wp\/v2\/product_cat?post=10475"},{"taxonomy":"product_tag","embeddable":true,"href":"https:\/\/www.forlife.com.tr\/en\/wp-json\/wp\/v2\/product_tag?post=10475"}],"curies":[{"name":"wp","href":"https:\/\/api.w.org\/{rel}","templated":true}]}}