{"id":10452,"date":"2025-05-25T15:32:58","date_gmt":"2025-05-25T12:32:58","guid":{"rendered":"https:\/\/www.forlife.com.tr\/?post_type=product&#038;p=10452"},"modified":"2025-05-25T15:34:21","modified_gmt":"2025-05-25T12:34:21","slug":"ray-donus-aparati-4","status":"publish","type":"product","link":"https:\/\/www.forlife.com.tr\/en\/product\/ray-donus-aparati-4","title":{"rendered":"Ray D\u00f6n\u00fc\u015f Aparat\u0131"},"content":{"rendered":"<p>Ray D\u00f6n\u00fc\u015f Aparat\u0131<\/p>","protected":false},"excerpt":{"rendered":"<p>Ray D\u00f6n\u00fc\u015f Aparat\u0131<\/p>","protected":false},"featured_media":10453,"template":"","meta":{"_joinchat":[]},"product_brand":[],"product_cat":[608,609,525,134,654],"product_tag":[],"class_list":{"0":"post-10452","1":"product","2":"type-product","3":"status-publish","4":"has-post-thumbnail","6":"product_cat-klasik-seri-magnet-aydinlatma-sistemleri","7":"product_cat-siyah-kasa-magnet-aydinlatma-sistemleri","8":"product_cat-48v-magnet-aydinlatma","9":"product_cat-magnet-aydinlatma","10":"product_cat-siyah-ray-driver-ve-ekipmanlar","12":"first","13":"instock","14":"shipping-taxable","15":"purchasable","16":"product-type-simple"},"_links":{"self":[{"href":"https:\/\/www.forlife.com.tr\/en\/wp-json\/wp\/v2\/product\/10452","targetHints":{"allow":["GET"]}}],"collection":[{"href":"https:\/\/www.forlife.com.tr\/en\/wp-json\/wp\/v2\/product"}],"about":[{"href":"https:\/\/www.forlife.com.tr\/en\/wp-json\/wp\/v2\/types\/product"}],"wp:featuredmedia":[{"embeddable":true,"href":"https:\/\/www.forlife.com.tr\/en\/wp-json\/wp\/v2\/media\/10453"}],"wp:attachment":[{"href":"https:\/\/www.forlife.com.tr\/en\/wp-json\/wp\/v2\/media?parent=10452"}],"wp:term":[{"taxonomy":"product_brand","embeddable":true,"href":"https:\/\/www.forlife.com.tr\/en\/wp-json\/wp\/v2\/product_brand?post=10452"},{"taxonomy":"product_cat","embeddable":true,"href":"https:\/\/www.forlife.com.tr\/en\/wp-json\/wp\/v2\/product_cat?post=10452"},{"taxonomy":"product_tag","embeddable":true,"href":"https:\/\/www.forlife.com.tr\/en\/wp-json\/wp\/v2\/product_tag?post=10452"}],"curies":[{"name":"wp","href":"https:\/\/api.w.org\/{rel}","templated":true}]}}