{"id":10432,"date":"2025-05-25T14:44:03","date_gmt":"2025-05-25T11:44:03","guid":{"rendered":"https:\/\/www.forlife.com.tr\/?post_type=product&#038;p=10432"},"modified":"2025-05-25T14:55:06","modified_gmt":"2025-05-25T11:55:06","slug":"siva-ustu-magnet-ray-2","status":"publish","type":"product","link":"https:\/\/www.forlife.com.tr\/en\/product\/siva-ustu-magnet-ray-2","title":{"rendered":"S\u0131va \u00dcst\u00fc Magnet Ray"},"content":{"rendered":"<p>S\u0131va \u00dcst\u00fc Magnet Ray<\/p>","protected":false},"excerpt":{"rendered":"<p>S\u0131va \u00dcst\u00fc Magnet Ray<\/p>","protected":false},"featured_media":10427,"template":"","meta":{"_joinchat":[]},"product_brand":[],"product_cat":[525,608,609,134,654],"product_tag":[],"class_list":{"0":"post-10432","1":"product","2":"type-product","3":"status-publish","4":"has-post-thumbnail","6":"product_cat-48v-magnet-aydinlatma","7":"product_cat-klasik-seri-magnet-aydinlatma-sistemleri","8":"product_cat-siyah-kasa-magnet-aydinlatma-sistemleri","9":"product_cat-magnet-aydinlatma","10":"product_cat-siyah-ray-driver-ve-ekipmanlar","12":"first","13":"instock","14":"shipping-taxable","15":"purchasable","16":"product-type-simple"},"_links":{"self":[{"href":"https:\/\/www.forlife.com.tr\/en\/wp-json\/wp\/v2\/product\/10432","targetHints":{"allow":["GET"]}}],"collection":[{"href":"https:\/\/www.forlife.com.tr\/en\/wp-json\/wp\/v2\/product"}],"about":[{"href":"https:\/\/www.forlife.com.tr\/en\/wp-json\/wp\/v2\/types\/product"}],"wp:featuredmedia":[{"embeddable":true,"href":"https:\/\/www.forlife.com.tr\/en\/wp-json\/wp\/v2\/media\/10427"}],"wp:attachment":[{"href":"https:\/\/www.forlife.com.tr\/en\/wp-json\/wp\/v2\/media?parent=10432"}],"wp:term":[{"taxonomy":"product_brand","embeddable":true,"href":"https:\/\/www.forlife.com.tr\/en\/wp-json\/wp\/v2\/product_brand?post=10432"},{"taxonomy":"product_cat","embeddable":true,"href":"https:\/\/www.forlife.com.tr\/en\/wp-json\/wp\/v2\/product_cat?post=10432"},{"taxonomy":"product_tag","embeddable":true,"href":"https:\/\/www.forlife.com.tr\/en\/wp-json\/wp\/v2\/product_tag?post=10432"}],"curies":[{"name":"wp","href":"https:\/\/api.w.org\/{rel}","templated":true}]}}