{"id":10393,"date":"2025-05-24T20:29:08","date_gmt":"2025-05-24T17:29:08","guid":{"rendered":"https:\/\/www.forlife.com.tr\/?post_type=product&#038;p=10393"},"modified":"2025-05-24T20:30:30","modified_gmt":"2025-05-24T17:30:30","slug":"magnet-armaturler-3","status":"publish","type":"product","link":"https:\/\/www.forlife.com.tr\/en\/product\/magnet-armaturler-3","title":{"rendered":"Magnet Armat\u00fcrler"},"content":{"rendered":"<p>K\u0131sa Ara Ba\u011flant\u0131<\/p>","protected":false},"excerpt":{"rendered":"<p>K\u0131sa Ara Ba\u011flant\u0131<\/p>","protected":false},"featured_media":10394,"template":"","meta":{"_joinchat":[]},"product_brand":[],"product_cat":[525,608,609,134,654],"product_tag":[],"class_list":{"0":"post-10393","1":"product","2":"type-product","3":"status-publish","4":"has-post-thumbnail","6":"product_cat-48v-magnet-aydinlatma","7":"product_cat-klasik-seri-magnet-aydinlatma-sistemleri","8":"product_cat-siyah-kasa-magnet-aydinlatma-sistemleri","9":"product_cat-magnet-aydinlatma","10":"product_cat-siyah-ray-driver-ve-ekipmanlar","12":"first","13":"instock","14":"shipping-taxable","15":"purchasable","16":"product-type-simple"},"_links":{"self":[{"href":"https:\/\/www.forlife.com.tr\/en\/wp-json\/wp\/v2\/product\/10393","targetHints":{"allow":["GET"]}}],"collection":[{"href":"https:\/\/www.forlife.com.tr\/en\/wp-json\/wp\/v2\/product"}],"about":[{"href":"https:\/\/www.forlife.com.tr\/en\/wp-json\/wp\/v2\/types\/product"}],"wp:featuredmedia":[{"embeddable":true,"href":"https:\/\/www.forlife.com.tr\/en\/wp-json\/wp\/v2\/media\/10394"}],"wp:attachment":[{"href":"https:\/\/www.forlife.com.tr\/en\/wp-json\/wp\/v2\/media?parent=10393"}],"wp:term":[{"taxonomy":"product_brand","embeddable":true,"href":"https:\/\/www.forlife.com.tr\/en\/wp-json\/wp\/v2\/product_brand?post=10393"},{"taxonomy":"product_cat","embeddable":true,"href":"https:\/\/www.forlife.com.tr\/en\/wp-json\/wp\/v2\/product_cat?post=10393"},{"taxonomy":"product_tag","embeddable":true,"href":"https:\/\/www.forlife.com.tr\/en\/wp-json\/wp\/v2\/product_tag?post=10393"}],"curies":[{"name":"wp","href":"https:\/\/api.w.org\/{rel}","templated":true}]}}