{"id":10389,"date":"2025-05-24T20:10:42","date_gmt":"2025-05-24T17:10:42","guid":{"rendered":"https:\/\/www.forlife.com.tr\/?post_type=product&#038;p=10389"},"modified":"2025-05-24T20:20:05","modified_gmt":"2025-05-24T17:20:05","slug":"magnet-armaturler","status":"publish","type":"product","link":"https:\/\/www.forlife.com.tr\/en\/product\/magnet-armaturler","title":{"rendered":"Magnet Armat\u00fcrler"},"content":{"rendered":"<p>K\u00f6\u015fe Ba\u011flant\u0131<\/p>","protected":false},"excerpt":{"rendered":"<p>K\u00f6\u015fe Ba\u011flant\u0131<\/p>","protected":false},"featured_media":10390,"template":"","meta":{"_joinchat":[]},"product_brand":[],"product_cat":[525,608,609,134,654],"product_tag":[],"class_list":{"0":"post-10389","1":"product","2":"type-product","3":"status-publish","4":"has-post-thumbnail","6":"product_cat-48v-magnet-aydinlatma","7":"product_cat-klasik-seri-magnet-aydinlatma-sistemleri","8":"product_cat-siyah-kasa-magnet-aydinlatma-sistemleri","9":"product_cat-magnet-aydinlatma","10":"product_cat-siyah-ray-driver-ve-ekipmanlar","12":"first","13":"instock","14":"shipping-taxable","15":"purchasable","16":"product-type-simple"},"_links":{"self":[{"href":"https:\/\/www.forlife.com.tr\/en\/wp-json\/wp\/v2\/product\/10389","targetHints":{"allow":["GET"]}}],"collection":[{"href":"https:\/\/www.forlife.com.tr\/en\/wp-json\/wp\/v2\/product"}],"about":[{"href":"https:\/\/www.forlife.com.tr\/en\/wp-json\/wp\/v2\/types\/product"}],"wp:featuredmedia":[{"embeddable":true,"href":"https:\/\/www.forlife.com.tr\/en\/wp-json\/wp\/v2\/media\/10390"}],"wp:attachment":[{"href":"https:\/\/www.forlife.com.tr\/en\/wp-json\/wp\/v2\/media?parent=10389"}],"wp:term":[{"taxonomy":"product_brand","embeddable":true,"href":"https:\/\/www.forlife.com.tr\/en\/wp-json\/wp\/v2\/product_brand?post=10389"},{"taxonomy":"product_cat","embeddable":true,"href":"https:\/\/www.forlife.com.tr\/en\/wp-json\/wp\/v2\/product_cat?post=10389"},{"taxonomy":"product_tag","embeddable":true,"href":"https:\/\/www.forlife.com.tr\/en\/wp-json\/wp\/v2\/product_tag?post=10389"}],"curies":[{"name":"wp","href":"https:\/\/api.w.org\/{rel}","templated":true}]}}