{"id":10333,"date":"2025-05-23T16:26:49","date_gmt":"2025-05-23T13:26:49","guid":{"rendered":"https:\/\/www.forlife.com.tr\/?post_type=product&#038;p=10333"},"modified":"2025-05-23T16:27:46","modified_gmt":"2025-05-23T13:27:46","slug":"sarkit-magnet-armaturler-dali-dimli-5","status":"publish","type":"product","link":"https:\/\/www.forlife.com.tr\/en\/product\/sarkit-magnet-armaturler-dali-dimli-5","title":{"rendered":"Sark\u0131t Magnet Armat\u00fcrler Dali Dimli"},"content":{"rendered":"<p>OSRAM Led<br \/>\nMetal G\u00f6vde<br \/>\nY\u00fcksek CRI de\u011feri<br \/>\nKolay Magnetik Montaj<br \/>\n48V G\u00fcvenli Enerji Sistemi<br \/>\nPratik Hareket Kabiliyeti<br \/>\nPetekli Filtre Liste fiyat\u0131na 2 USD eklenir.<br \/>\nDALI sisteme uygun<br \/>\narmat\u00fcrlerle<br \/>\nprofesyonel \u00e7\u00f6z\u00fcmler<\/p>","protected":false},"excerpt":{"rendered":"<p>OSRAM Led<br \/>\nMetal G\u00f6vde<br \/>\nY\u00fcksek CRI de\u011feri<br \/>\nKolay Magnetik Montaj<br \/>\n48V G\u00fcvenli Enerji Sistemi<br \/>\nPratik Hareket Kabiliyeti<br \/>\nPetekli Filtre Liste fiyat\u0131na 2 USD eklenir.<br \/>\nDALI sisteme uygun<br \/>\narmat\u00fcrlerle<br \/>\nprofesyonel \u00e7\u00f6z\u00fcmler<\/p>","protected":false},"featured_media":10331,"template":"","meta":{"_joinchat":[]},"product_brand":[],"product_cat":[525,608,609,134,615],"product_tag":[],"class_list":{"0":"post-10333","1":"product","2":"type-product","3":"status-publish","4":"has-post-thumbnail","6":"product_cat-48v-magnet-aydinlatma","7":"product_cat-klasik-seri-magnet-aydinlatma-sistemleri","8":"product_cat-siyah-kasa-magnet-aydinlatma-sistemleri","9":"product_cat-magnet-aydinlatma","10":"product_cat-dali-dimli-siyah-kasa-magnet-armaturler","11":"pa_isik-sicakligi-3200k","12":"pa_isik-sicakligi-4000k","13":"pa_lumen-450-lumen","14":"pa_volt-48-volt","15":"pa_watt-5-watt","17":"first","18":"instock","19":"shipping-taxable","20":"purchasable","21":"product-type-simple"},"_links":{"self":[{"href":"https:\/\/www.forlife.com.tr\/en\/wp-json\/wp\/v2\/product\/10333","targetHints":{"allow":["GET"]}}],"collection":[{"href":"https:\/\/www.forlife.com.tr\/en\/wp-json\/wp\/v2\/product"}],"about":[{"href":"https:\/\/www.forlife.com.tr\/en\/wp-json\/wp\/v2\/types\/product"}],"wp:featuredmedia":[{"embeddable":true,"href":"https:\/\/www.forlife.com.tr\/en\/wp-json\/wp\/v2\/media\/10331"}],"wp:attachment":[{"href":"https:\/\/www.forlife.com.tr\/en\/wp-json\/wp\/v2\/media?parent=10333"}],"wp:term":[{"taxonomy":"product_brand","embeddable":true,"href":"https:\/\/www.forlife.com.tr\/en\/wp-json\/wp\/v2\/product_brand?post=10333"},{"taxonomy":"product_cat","embeddable":true,"href":"https:\/\/www.forlife.com.tr\/en\/wp-json\/wp\/v2\/product_cat?post=10333"},{"taxonomy":"product_tag","embeddable":true,"href":"https:\/\/www.forlife.com.tr\/en\/wp-json\/wp\/v2\/product_tag?post=10333"}],"curies":[{"name":"wp","href":"https:\/\/api.w.org\/{rel}","templated":true}]}}