{"id":10291,"date":"2025-05-22T15:56:06","date_gmt":"2025-05-22T12:56:06","guid":{"rendered":"https:\/\/www.forlife.com.tr\/?post_type=product&#038;p=10291"},"modified":"2025-05-22T15:57:51","modified_gmt":"2025-05-22T12:57:51","slug":"magnet-ray-spot-dali-dimli-gold","status":"publish","type":"product","link":"https:\/\/www.forlife.com.tr\/en\/product\/magnet-ray-spot-dali-dimli-gold","title":{"rendered":"Magnet Ray Spot Dali Dimli Gold"},"content":{"rendered":"<p>OSRAM Led<br \/>\nMetal G\u00f6vde<br \/>\nY\u00fcksek CRI de\u011feri<br \/>\nKolay Magnetik Montaj<br \/>\n48V G\u00fcvenli Enerji Sistemi<br \/>\nPratik Hareket Kabiliyeti<br \/>\nPetekli Filtre Liste fiyat\u0131na 2 USD eklenir.<br \/>\nDALI sisteme uygun<br \/>\narmat\u00fcrlerle<br \/>\nprofesyonel \u00e7\u00f6z\u00fcmler<\/p>","protected":false},"excerpt":{"rendered":"<p>OSRAM Led<br \/>\nMetal G\u00f6vde<br \/>\nY\u00fcksek CRI de\u011feri<br \/>\nKolay Magnetik Montaj<br \/>\n48V G\u00fcvenli Enerji Sistemi<br \/>\nPratik Hareket Kabiliyeti<br \/>\nPetekli Filtre Liste fiyat\u0131na 2 USD eklenir.<br \/>\nDALI sisteme uygun<br \/>\narmat\u00fcrlerle<br \/>\nprofesyonel \u00e7\u00f6z\u00fcmler<\/p>","protected":false},"featured_media":10289,"template":"","meta":{"_joinchat":[]},"product_brand":[],"product_cat":[525,608,609,134,615],"product_tag":[],"class_list":{"0":"post-10291","1":"product","2":"type-product","3":"status-publish","4":"has-post-thumbnail","6":"product_cat-48v-magnet-aydinlatma","7":"product_cat-klasik-seri-magnet-aydinlatma-sistemleri","8":"product_cat-siyah-kasa-magnet-aydinlatma-sistemleri","9":"product_cat-magnet-aydinlatma","10":"product_cat-dali-dimli-siyah-kasa-magnet-armaturler","11":"pa_isik-sicakligi-6500k-tr","12":"pa_isik-sicakligi-3200k","13":"pa_isik-sicakligi-4000k","14":"pa_lumen-900-lumen","15":"pa_volt-48-volt","16":"pa_watt-10-watt","18":"first","19":"instock","20":"shipping-taxable","21":"purchasable","22":"product-type-simple"},"_links":{"self":[{"href":"https:\/\/www.forlife.com.tr\/en\/wp-json\/wp\/v2\/product\/10291","targetHints":{"allow":["GET"]}}],"collection":[{"href":"https:\/\/www.forlife.com.tr\/en\/wp-json\/wp\/v2\/product"}],"about":[{"href":"https:\/\/www.forlife.com.tr\/en\/wp-json\/wp\/v2\/types\/product"}],"wp:featuredmedia":[{"embeddable":true,"href":"https:\/\/www.forlife.com.tr\/en\/wp-json\/wp\/v2\/media\/10289"}],"wp:attachment":[{"href":"https:\/\/www.forlife.com.tr\/en\/wp-json\/wp\/v2\/media?parent=10291"}],"wp:term":[{"taxonomy":"product_brand","embeddable":true,"href":"https:\/\/www.forlife.com.tr\/en\/wp-json\/wp\/v2\/product_brand?post=10291"},{"taxonomy":"product_cat","embeddable":true,"href":"https:\/\/www.forlife.com.tr\/en\/wp-json\/wp\/v2\/product_cat?post=10291"},{"taxonomy":"product_tag","embeddable":true,"href":"https:\/\/www.forlife.com.tr\/en\/wp-json\/wp\/v2\/product_tag?post=10291"}],"curies":[{"name":"wp","href":"https:\/\/api.w.org\/{rel}","templated":true}]}}