{"id":10283,"date":"2025-05-22T15:48:51","date_gmt":"2025-05-22T12:48:51","guid":{"rendered":"https:\/\/www.forlife.com.tr\/?post_type=product&#038;p=10283"},"modified":"2025-05-22T15:49:30","modified_gmt":"2025-05-22T12:49:30","slug":"magnet-ray-spot-dali-dimli-platin","status":"publish","type":"product","link":"https:\/\/www.forlife.com.tr\/en\/product\/magnet-ray-spot-dali-dimli-platin","title":{"rendered":"Magnet Ray Spot Dali Dimli Platin"},"content":{"rendered":"<p>OSRAM Led<br \/>\nMetal G\u00f6vde<br \/>\nY\u00fcksek CRI de\u011feri<br \/>\nKolay Magnetik Montaj<br \/>\n48V G\u00fcvenli Enerji Sistemi<br \/>\nPratik Hareket Kabiliyeti<br \/>\nPetekli Filtre Liste fiyat\u0131na 2 USD eklenir.<br \/>\nDALI sisteme uygun<br \/>\narmat\u00fcrlerle<br \/>\nprofesyonel \u00e7\u00f6z\u00fcmler<\/p>","protected":false},"excerpt":{"rendered":"<p>OSRAM Led<br \/>\nMetal G\u00f6vde<br \/>\nY\u00fcksek CRI de\u011feri<br \/>\nKolay Magnetik Montaj<br \/>\n48V G\u00fcvenli Enerji Sistemi<br \/>\nPratik Hareket Kabiliyeti<br \/>\nPetekli Filtre Liste fiyat\u0131na 2 USD eklenir.<br \/>\nDALI sisteme uygun<br \/>\narmat\u00fcrlerle<br \/>\nprofesyonel \u00e7\u00f6z\u00fcmler<\/p>","protected":false},"featured_media":10281,"template":"","meta":{"_joinchat":[]},"product_brand":[],"product_cat":[608,609,525,134,615],"product_tag":[],"class_list":{"0":"post-10283","1":"product","2":"type-product","3":"status-publish","4":"has-post-thumbnail","6":"product_cat-klasik-seri-magnet-aydinlatma-sistemleri","7":"product_cat-siyah-kasa-magnet-aydinlatma-sistemleri","8":"product_cat-48v-magnet-aydinlatma","9":"product_cat-magnet-aydinlatma","10":"product_cat-dali-dimli-siyah-kasa-magnet-armaturler","11":"pa_isik-sicakligi-3200k","12":"pa_isik-sicakligi-4000k","13":"pa_isik-sicakligi-6500k-tr","14":"pa_lumen-900-lumen","15":"pa_volt-48-volt","16":"pa_watt-10-watt","18":"first","19":"instock","20":"shipping-taxable","21":"purchasable","22":"product-type-simple"},"_links":{"self":[{"href":"https:\/\/www.forlife.com.tr\/en\/wp-json\/wp\/v2\/product\/10283","targetHints":{"allow":["GET"]}}],"collection":[{"href":"https:\/\/www.forlife.com.tr\/en\/wp-json\/wp\/v2\/product"}],"about":[{"href":"https:\/\/www.forlife.com.tr\/en\/wp-json\/wp\/v2\/types\/product"}],"wp:featuredmedia":[{"embeddable":true,"href":"https:\/\/www.forlife.com.tr\/en\/wp-json\/wp\/v2\/media\/10281"}],"wp:attachment":[{"href":"https:\/\/www.forlife.com.tr\/en\/wp-json\/wp\/v2\/media?parent=10283"}],"wp:term":[{"taxonomy":"product_brand","embeddable":true,"href":"https:\/\/www.forlife.com.tr\/en\/wp-json\/wp\/v2\/product_brand?post=10283"},{"taxonomy":"product_cat","embeddable":true,"href":"https:\/\/www.forlife.com.tr\/en\/wp-json\/wp\/v2\/product_cat?post=10283"},{"taxonomy":"product_tag","embeddable":true,"href":"https:\/\/www.forlife.com.tr\/en\/wp-json\/wp\/v2\/product_tag?post=10283"}],"curies":[{"name":"wp","href":"https:\/\/api.w.org\/{rel}","templated":true}]}}