{"id":10253,"date":"2025-05-21T16:37:55","date_gmt":"2025-05-21T13:37:55","guid":{"rendered":"https:\/\/www.forlife.com.tr\/?post_type=product&#038;p=10253"},"modified":"2025-05-21T16:42:38","modified_gmt":"2025-05-21T13:42:38","slug":"opak-difizorlu-kose-magnet-armatur","status":"publish","type":"product","link":"https:\/\/www.forlife.com.tr\/en\/product\/opak-difizorlu-kose-magnet-armatur","title":{"rendered":"Opak Difiz\u00f6rl\u00fc K\u00f6\u015fe Magnet Armat\u00fcr"},"content":{"rendered":"<p>OSRAM Led<br \/>\nMetal G\u00f6vde<br \/>\nY\u00fcksek CRI de\u011feri<br \/>\nKolay Magnetik Montaj<br \/>\n48V G\u00fcvenli Enerji Sistemi<br \/>\nPratik Hareket Kabiliyeti<br \/>\nK\u00f6\u015fe d\u00f6n\u00fc\u015f uygulamalar\u0131nda \u0131\u015f\u0131k b\u00fct\u00fcnl\u00fc\u011f\u00fc sa\u011flayarak, estetik bir ge\u00e7i\u015f yap\u0131lmas\u0131na olanak sa\u011flar.<\/p>","protected":false},"excerpt":{"rendered":"<p>OSRAM Led<br \/>\nMetal G\u00f6vde<br \/>\nY\u00fcksek CRI de\u011feri<br \/>\nKolay Magnetik Montaj<br \/>\n48V G\u00fcvenli Enerji Sistemi<br \/>\nPratik Hareket Kabiliyeti<br \/>\nK\u00f6\u015fe d\u00f6n\u00fc\u015f uygulamalar\u0131nda \u0131\u015f\u0131k b\u00fct\u00fcnl\u00fc\u011f\u00fc sa\u011flayarak, estetik bir ge\u00e7i\u015f yap\u0131lmas\u0131na olanak sa\u011flar.<\/p>","protected":false},"featured_media":10254,"template":"","meta":{"_joinchat":[]},"product_brand":[],"product_cat":[609,610,525,608,134],"product_tag":[],"class_list":{"0":"post-10253","1":"product","2":"type-product","3":"status-publish","4":"has-post-thumbnail","6":"product_cat-siyah-kasa-magnet-aydinlatma-sistemleri","7":"product_cat-klasik-siyah-kasa-magnet-armaturler","8":"product_cat-48v-magnet-aydinlatma","9":"product_cat-klasik-seri-magnet-aydinlatma-sistemleri","10":"product_cat-magnet-aydinlatma","11":"pa_isik-sicakligi-3200k","12":"pa_isik-sicakligi-4000k","13":"pa_lumen-1600-lumen","14":"pa_volt-48-volt","15":"pa_watt-20-watt","17":"first","18":"instock","19":"shipping-taxable","20":"purchasable","21":"product-type-simple"},"_links":{"self":[{"href":"https:\/\/www.forlife.com.tr\/en\/wp-json\/wp\/v2\/product\/10253","targetHints":{"allow":["GET"]}}],"collection":[{"href":"https:\/\/www.forlife.com.tr\/en\/wp-json\/wp\/v2\/product"}],"about":[{"href":"https:\/\/www.forlife.com.tr\/en\/wp-json\/wp\/v2\/types\/product"}],"wp:featuredmedia":[{"embeddable":true,"href":"https:\/\/www.forlife.com.tr\/en\/wp-json\/wp\/v2\/media\/10254"}],"wp:attachment":[{"href":"https:\/\/www.forlife.com.tr\/en\/wp-json\/wp\/v2\/media?parent=10253"}],"wp:term":[{"taxonomy":"product_brand","embeddable":true,"href":"https:\/\/www.forlife.com.tr\/en\/wp-json\/wp\/v2\/product_brand?post=10253"},{"taxonomy":"product_cat","embeddable":true,"href":"https:\/\/www.forlife.com.tr\/en\/wp-json\/wp\/v2\/product_cat?post=10253"},{"taxonomy":"product_tag","embeddable":true,"href":"https:\/\/www.forlife.com.tr\/en\/wp-json\/wp\/v2\/product_tag?post=10253"}],"curies":[{"name":"wp","href":"https:\/\/api.w.org\/{rel}","templated":true}]}}