{"id":10123,"date":"2025-05-17T16:09:33","date_gmt":"2025-05-17T13:09:33","guid":{"rendered":"https:\/\/www.forlife.com.tr\/?post_type=product&#038;p=10123"},"modified":"2025-05-17T16:10:34","modified_gmt":"2025-05-17T13:10:34","slug":"44-cm-kompakt-lensli-magnet-armatur-dali-dimli-silver","status":"publish","type":"product","link":"https:\/\/www.forlife.com.tr\/en\/product\/44-cm-kompakt-lensli-magnet-armatur-dali-dimli-silver","title":{"rendered":"44 cm Kompakt Lensli Magnet Armat\u00fcr Dali Dimli Silver"},"content":{"rendered":"<p>OSRAM Led<br \/>\nMetal G\u00f6vde<br \/>\nY\u00fcksek CRI de\u011feri<br \/>\nKolay Magnetik Montaj<br \/>\n48V G\u00fcvenli Enerji Sistemi<br \/>\nPratik Hareket Kabiliyeti<br \/>\nDALI sisteme uygun<br \/>\narmat\u00fcrlerle<br \/>\nprofesyonel \u00e7\u00f6z\u00fcmler<\/p>","protected":false},"excerpt":{"rendered":"<p>OSRAM Led<br \/>\nMetal G\u00f6vde<br \/>\nY\u00fcksek CRI de\u011feri<br \/>\nKolay Magnetik Montaj<br \/>\n48V G\u00fcvenli Enerji Sistemi<br \/>\nPratik Hareket Kabiliyeti<br \/>\nDALI sisteme uygun<br \/>\narmat\u00fcrlerle<br \/>\nprofesyonel \u00e7\u00f6z\u00fcmler<\/p>","protected":false},"featured_media":10117,"template":"","meta":{"_joinchat":[]},"product_brand":[],"product_cat":[608,609,525,134,615],"product_tag":[],"class_list":{"0":"post-10123","1":"product","2":"type-product","3":"status-publish","4":"has-post-thumbnail","6":"product_cat-klasik-seri-magnet-aydinlatma-sistemleri","7":"product_cat-siyah-kasa-magnet-aydinlatma-sistemleri","8":"product_cat-48v-magnet-aydinlatma","9":"product_cat-magnet-aydinlatma","10":"product_cat-dali-dimli-siyah-kasa-magnet-armaturler","11":"pa_isik-sicakligi-4000k","12":"pa_isik-sicakligi-6500k-tr","13":"pa_isik-sicakligi-3200k","14":"pa_lumen-2160-lumen","15":"pa_volt-48-volt","16":"pa_watt-24-watt","18":"first","19":"instock","20":"shipping-taxable","21":"purchasable","22":"product-type-simple"},"_links":{"self":[{"href":"https:\/\/www.forlife.com.tr\/en\/wp-json\/wp\/v2\/product\/10123","targetHints":{"allow":["GET"]}}],"collection":[{"href":"https:\/\/www.forlife.com.tr\/en\/wp-json\/wp\/v2\/product"}],"about":[{"href":"https:\/\/www.forlife.com.tr\/en\/wp-json\/wp\/v2\/types\/product"}],"wp:featuredmedia":[{"embeddable":true,"href":"https:\/\/www.forlife.com.tr\/en\/wp-json\/wp\/v2\/media\/10117"}],"wp:attachment":[{"href":"https:\/\/www.forlife.com.tr\/en\/wp-json\/wp\/v2\/media?parent=10123"}],"wp:term":[{"taxonomy":"product_brand","embeddable":true,"href":"https:\/\/www.forlife.com.tr\/en\/wp-json\/wp\/v2\/product_brand?post=10123"},{"taxonomy":"product_cat","embeddable":true,"href":"https:\/\/www.forlife.com.tr\/en\/wp-json\/wp\/v2\/product_cat?post=10123"},{"taxonomy":"product_tag","embeddable":true,"href":"https:\/\/www.forlife.com.tr\/en\/wp-json\/wp\/v2\/product_tag?post=10123"}],"curies":[{"name":"wp","href":"https:\/\/api.w.org\/{rel}","templated":true}]}}