{"id":677,"date":"2020-04-06T08:05:53","date_gmt":"2020-04-06T08:05:53","guid":{"rendered":"https:\/\/konsept.qodeinteractive.com\/?page_id=677"},"modified":"2024-10-19T20:11:06","modified_gmt":"2024-10-19T17:11:06","slug":"iletisim","status":"publish","type":"page","link":"https:\/\/www.forlife.com.tr\/en\/iletisim","title":{"rendered":"Contact"},"content":{"rendered":"<div data-elementor-type=\"wp-page\" data-elementor-id=\"677\" class=\"elementor elementor-677\">\n\t\t\t\t\t\t<section class=\"elementor-section elementor-top-section elementor-element elementor-element-c86456e qodef-elementor-content-grid elementor-section-boxed elementor-section-height-default elementor-section-height-default\" data-id=\"c86456e\" data-element_type=\"section\" data-e-type=\"section\">\n\t\t\t\t\t\t<div class=\"elementor-container elementor-column-gap-default\">\n\t\t\t\t\t<div class=\"elementor-column elementor-col-50 elementor-top-column elementor-element elementor-element-12ec1c04\" data-id=\"12ec1c04\" data-element_type=\"column\" data-e-type=\"column\">\n\t\t\t<div class=\"elementor-widget-wrap elementor-element-populated\">\n\t\t\t\t\t\t<div class=\"elementor-element elementor-element-5221705d elementor-widget elementor-widget-konsept_core_section_title\" data-id=\"5221705d\" data-element_type=\"widget\" data-e-type=\"widget\" data-widget_type=\"konsept_core_section_title.default\">\n\t\t\t\t<div class=\"elementor-widget-container\">\n\t\t\t\t\t<div class=\"qodef-shortcode qodef-m  qodef-section-title qodef-alignment--left\">\n\t    <span class=\"qodef-m-tagline\" style=\"margin-bottom: 10px\">Write Us<\/span>\n\t\t<h2 class=\"qodef-m-title\" >\n\t\t\t\t\tKeep in Touch\t\t\t<\/h2>\n\t<\/div>\t\t\t\t<\/div>\n\t\t\t\t<\/div>\n\t\t\t\t<section class=\"elementor-section elementor-inner-section elementor-element elementor-element-8de0c91 elementor-section-boxed elementor-section-height-default elementor-section-height-default qodef-elementor-content-no\" data-id=\"8de0c91\" data-element_type=\"section\" data-e-type=\"section\">\n\t\t\t\t\t\t<div class=\"elementor-container elementor-column-gap-default\">\n\t\t\t\t\t<div class=\"elementor-column elementor-col-50 elementor-inner-column elementor-element elementor-element-d927302\" data-id=\"d927302\" data-element_type=\"column\" data-e-type=\"column\">\n\t\t\t<div class=\"elementor-widget-wrap elementor-element-populated\">\n\t\t\t\t\t\t<div class=\"elementor-element elementor-element-284ec478 elementor-widget elementor-widget-konsept_core_section_title\" data-id=\"284ec478\" data-element_type=\"widget\" data-e-type=\"widget\" data-widget_type=\"konsept_core_section_title.default\">\n\t\t\t\t<div class=\"elementor-widget-container\">\n\t\t\t\t\t<div class=\"qodef-shortcode qodef-m  qodef-section-title qodef-alignment--left\">\n\t\t\t<h4 class=\"qodef-m-title\" >\n\t\t\t\t\tMerkez\t\t\t<\/h4>\n\t<\/div>\t\t\t\t<\/div>\n\t\t\t\t<\/div>\n\t\t\t\t<div class=\"elementor-element elementor-element-71fb2dd7 elementor-widget elementor-widget-text-editor\" data-id=\"71fb2dd7\" data-element_type=\"widget\" data-e-type=\"widget\" data-widget_type=\"text-editor.default\">\n\t\t\t\t<div class=\"elementor-widget-container\">\n\t\t\t\t\t\t\t\t\t<p>Bereketzade Mh. Bankalar Cd. No:26 Nazl\u0131 Han Kat:1 Daire:3 Beyo\u011flu &#8211; \u0130STANBUL<br \/>+90 212 244 5989<br \/>+90 212 293 3705<br \/><a href=\"\/en\/info@forlife.com.tr\/\">info@forlife.com.tr<\/a><\/p>\t\t\t\t\t\t\t\t<\/div>\n\t\t\t\t<\/div>\n\t\t\t\t\t<\/div>\n\t\t<\/div>\n\t\t\t\t<div class=\"elementor-column elementor-col-50 elementor-inner-column elementor-element elementor-element-7576a526\" data-id=\"7576a526\" data-element_type=\"column\" data-e-type=\"column\">\n\t\t\t<div class=\"elementor-widget-wrap elementor-element-populated\">\n\t\t\t\t\t\t<div class=\"elementor-element elementor-element-52f1d47a elementor-widget elementor-widget-konsept_core_section_title\" data-id=\"52f1d47a\" data-element_type=\"widget\" data-e-type=\"widget\" data-widget_type=\"konsept_core_section_title.default\">\n\t\t\t\t<div class=\"elementor-widget-container\">\n\t\t\t\t\t<div class=\"qodef-shortcode qodef-m  qodef-section-title qodef-alignment--left\">\n\t\t\t<h4 class=\"qodef-m-title\" >\n\t\t\t\t\tShowroom\t\t\t<\/h4>\n\t<\/div>\t\t\t\t<\/div>\n\t\t\t\t<\/div>\n\t\t\t\t<div class=\"elementor-element elementor-element-36ae2f23 elementor-widget elementor-widget-text-editor\" data-id=\"36ae2f23\" data-element_type=\"widget\" data-e-type=\"widget\" data-widget_type=\"text-editor.default\">\n\t\t\t\t<div class=\"elementor-widget-container\">\n\t\t\t\t\t\t\t\t\t<p>Bereketzade Mh. Bankalar Cd.<br \/>No:26 Nazl\u0131 Han Kat:1 Daire:3<br \/>Beyo\u011flu &#8211; \u0130STANBUL<br \/>+90 212 244 5989<br \/>+90 212 293 3705<br \/><a href=\"\/en\/info@forlife.com.tr\/\">info@forlife.com.tr<\/a><\/p>\t\t\t\t\t\t\t\t<\/div>\n\t\t\t\t<\/div>\n\t\t\t\t\t<\/div>\n\t\t<\/div>\n\t\t\t\t\t<\/div>\n\t\t<\/section>\n\t\t\t\t<div class=\"elementor-element elementor-element-19657420 elementor-widget__width-auto elementor-widget elementor-widget-konsept_core_icon\" data-id=\"19657420\" data-element_type=\"widget\" data-e-type=\"widget\" data-widget_type=\"konsept_core_icon.default\">\n\t\t\t\t<div class=\"elementor-widget-container\">\n\t\t\t\t\t<span class=\"qodef-shortcode qodef-m  qodef-icon-holder qodef-size--default qodef-layout--circle\" data-hover-color=\"#1D1D1D\" data-hover-background-color=\"rgba(2, 1, 1, 0)\" data-hover-border-color=\"#959494\" style=\"margin: 0 10px 0 0px;width: 35px;height: 35px;line-height: 35px;background-color: rgba(2, 1, 1, 0);border-style: solid;border-color: #B2B2B2;border-width: 1px;line-height: 33px\">\n\t\t\t<a itemprop=\"url\" href=\"https:\/\/www.facebook.com\/QodeInteractive\/\" target=\"_blank\">\n                    <svg class=\"qodef-svg-circle\"><circle cx=\"50%\" cy=\"50%\" r=\"49%\"><\/circle><\/svg>\n                    <span class=\"qodef-icon-font-awesome fab fa-facebook qodef-icon qodef-e\" style=\"color: #B2B2B2\" ><\/span>            <\/a>\n\t<\/span>\t\t\t\t<\/div>\n\t\t\t\t<\/div>\n\t\t\t\t<div class=\"elementor-element elementor-element-2384ccae elementor-widget__width-auto elementor-widget elementor-widget-konsept_core_icon\" data-id=\"2384ccae\" data-element_type=\"widget\" data-e-type=\"widget\" data-widget_type=\"konsept_core_icon.default\">\n\t\t\t\t<div class=\"elementor-widget-container\">\n\t\t\t\t\t<span class=\"qodef-shortcode qodef-m  qodef-icon-holder qodef-size--default qodef-layout--circle\" data-hover-color=\"#1D1D1D\" data-hover-border-color=\"#959494\" style=\"width: 35px;height: 35px;line-height: 35px;background-color: rgba(2, 1, 1, 0);border-style: solid;border-color: #B2B2B2;border-width: 1px;line-height: 33px\">\n\t\t\t<a itemprop=\"url\" href=\"https:\/\/www.instagram.com\/qodeinteractive\/\" target=\"_blank\">\n                    <svg class=\"qodef-svg-circle\"><circle cx=\"50%\" cy=\"50%\" r=\"49%\"><\/circle><\/svg>\n                    <span class=\"qodef-icon-font-awesome fab fa-instagram qodef-icon qodef-e\" style=\"color: #B2B2B2\" ><\/span>            <\/a>\n\t<\/span>\t\t\t\t<\/div>\n\t\t\t\t<\/div>\n\t\t\t\t<div class=\"elementor-element elementor-element-487464a7 elementor-widget__width-auto elementor-widget elementor-widget-konsept_core_icon\" data-id=\"487464a7\" data-element_type=\"widget\" data-e-type=\"widget\" data-widget_type=\"konsept_core_icon.default\">\n\t\t\t\t<div class=\"elementor-widget-container\">\n\t\t\t\t\t<span class=\"qodef-shortcode qodef-m  qodef-icon-holder qodef-size--default qodef-layout--circle\" data-hover-color=\"#1D1D1D\" data-hover-background-color=\"rgba(2, 1, 1, 0)\" data-hover-border-color=\"#959494\" style=\"margin: 0 10px 0 10px;width: 35px;height: 35px;line-height: 35px;background-color: rgba(2, 1, 1, 0);border-style: solid;border-color: #B2B2B2;border-width: 1px;line-height: 33px\">\n\t\t\t<a itemprop=\"url\" href=\"https:\/\/twitter.com\/QodeInteractive\" target=\"_blank\">\n                    <svg class=\"qodef-svg-circle\"><circle cx=\"50%\" cy=\"50%\" r=\"49%\"><\/circle><\/svg>\n                    <span class=\"qodef-icon-font-awesome fab fa-twitter qodef-icon qodef-e\" style=\"color: #B2B2B2\" ><\/span>            <\/a>\n\t<\/span>\t\t\t\t<\/div>\n\t\t\t\t<\/div>\n\t\t\t\t<div class=\"elementor-element elementor-element-66bf0c63 elementor-widget__width-auto elementor-widget elementor-widget-konsept_core_icon\" data-id=\"66bf0c63\" data-element_type=\"widget\" data-e-type=\"widget\" data-widget_type=\"konsept_core_icon.default\">\n\t\t\t\t<div class=\"elementor-widget-container\">\n\t\t\t\t\t<span class=\"qodef-shortcode qodef-m  qodef-icon-holder qodef-size--default qodef-layout--circle\" data-hover-color=\"#1D1D1D\" data-hover-border-color=\"#959494\" style=\"width: 35px;height: 35px;line-height: 35px;background-color: rgba(2, 1, 1, 0);border-style: solid;border-color: #B2B2B2;border-width: 1px;line-height: 33px\">\n\t\t\t<a itemprop=\"url\" href=\"https:\/\/www.youtube.com\/QodeInteractiveVideos\" target=\"_blank\">\n                    <svg class=\"qodef-svg-circle\"><circle cx=\"50%\" cy=\"50%\" r=\"49%\"><\/circle><\/svg>\n                    <span class=\"qodef-icon-font-awesome fab fa-youtube qodef-icon qodef-e\" style=\"color: #B2B2B2\" ><\/span>            <\/a>\n\t<\/span>\t\t\t\t<\/div>\n\t\t\t\t<\/div>\n\t\t\t\t\t<\/div>\n\t\t<\/div>\n\t\t\t\t<div class=\"elementor-column elementor-col-50 elementor-top-column elementor-element elementor-element-37601920\" data-id=\"37601920\" data-element_type=\"column\" data-e-type=\"column\">\n\t\t\t<div class=\"elementor-widget-wrap elementor-element-populated\">\n\t\t\t\t\t\t<div class=\"elementor-element elementor-element-cd776d2 elementor-widget elementor-widget-wp-widget-konsept_core_contact_form_7\" data-id=\"cd776d2\" data-element_type=\"widget\" data-e-type=\"widget\" data-widget_type=\"wp-widget-konsept_core_contact_form_7.default\">\n\t\t\t\t<div class=\"elementor-widget-container\">\n\t\t\t\t\t\t\t\t<div class=\"qodef-contact-form-7\">\n\t\t\t\t\n<div class=\"wpcf7 no-js\" id=\"wpcf7-f190-o1\" lang=\"en-US\" dir=\"ltr\" data-wpcf7-id=\"190\">\n<div class=\"screen-reader-response\"><p role=\"status\" aria-live=\"polite\" aria-atomic=\"true\"><\/p> <ul><\/ul><\/div>\n<form action=\"\/en\/wp-json\/wp\/v2\/pages\/677#wpcf7-f190-o1\" method=\"post\" class=\"wpcf7-form init demo\" aria-label=\"Contact form\" novalidate=\"novalidate\" data-status=\"init\" data-trp-original-action=\"\/en\/wp-json\/wp\/v2\/pages\/677#wpcf7-f190-o1\">\n<fieldset class=\"hidden-fields-container\"><input type=\"hidden\" name=\"_wpcf7\" value=\"190\" \/><input type=\"hidden\" name=\"_wpcf7_version\" value=\"6.1.5\" \/><input type=\"hidden\" name=\"_wpcf7_locale\" value=\"en_US\" \/><input type=\"hidden\" name=\"_wpcf7_unit_tag\" value=\"wpcf7-f190-o1\" \/><input type=\"hidden\" name=\"_wpcf7_container_post\" value=\"0\" \/><input type=\"hidden\" name=\"_wpcf7_posted_data_hash\" value=\"\" \/>\n<\/fieldset>\n<div class=\"qodef-grid qodef-layout--columns qodef-col-num--2 qodef-gutter--small\"><div class=\"qodef-grid-inner\">\n<div class=\"qodef-grid-item\"><span class=\"wpcf7-form-control-wrap\" data-name=\"your-name\"><input size=\"40\" maxlength=\"400\" class=\"wpcf7-form-control wpcf7-text wpcf7-validates-as-required\" aria-required=\"true\" aria-invalid=\"false\" placeholder=\"Name\" value=\"\" type=\"text\" name=\"your-name\" \/><\/span><\/div>\n<div class=\"qodef-grid-item\"><span class=\"wpcf7-form-control-wrap\" data-name=\"your-email\"><input size=\"40\" maxlength=\"400\" class=\"wpcf7-form-control wpcf7-email wpcf7-validates-as-required wpcf7-text wpcf7-validates-as-email\" aria-required=\"true\" aria-invalid=\"false\" placeholder=\"E-mail\" value=\"\" type=\"email\" name=\"your-email\" \/><\/span><\/div>\n<\/div><\/div><div class=\"qodef-grid qodef-layout--columns qodef-col-num--1 qodef-gutter--small\"><div class=\"qodef-grid-inner\">\n<div class=\"qodef-grid-item\"><span class=\"wpcf7-form-control-wrap\" data-name=\"your-message\"><textarea cols=\"40\" rows=\"9\" maxlength=\"2000\" class=\"wpcf7-form-control wpcf7-textarea\" aria-invalid=\"false\" placeholder=\"Message\" name=\"your-message\"><\/textarea><\/span><\/div>\n<div class=\"qodef-grid-item\" style=\"text-align:right;\"><button class=\"wpcf7-form-control wpcf7-submit qodef-button qodef-size--normal qodef-type--outlined qodef-m\" type=\"submit\"><span class=\"qodef-m-text\">Submit<\/span><\/button><\/div><\/div><\/div><div class=\"wpcf7-response-output\" aria-hidden=\"true\"><\/div>\n<input type=\"hidden\" name=\"trp-form-language\" value=\"en\"\/><\/form>\n<\/div>\n\t\t\t<\/div>\n\t\t\t\t\t\t\t<\/div>\n\t\t\t\t<\/div>\n\t\t\t\t\t<\/div>\n\t\t<\/div>\n\t\t\t\t\t<\/div>\n\t\t<\/section>\n\t\t<div class=\"elementor-element elementor-element-ebf17ec e-con-full e-flex e-con e-parent\" data-id=\"ebf17ec\" data-element_type=\"container\" data-e-type=\"container\">\n\t\t\t\t<div class=\"elementor-element elementor-element-f2f4b97 elementor-widget elementor-widget-google_maps\" data-id=\"f2f4b97\" data-element_type=\"widget\" data-e-type=\"widget\" data-widget_type=\"google_maps.default\">\n\t\t\t\t<div class=\"elementor-widget-container\">\n\t\t\t\t\t\t\t<div class=\"elementor-custom-embed\">\n\t\t\t<iframe loading=\"lazy\"\n\t\t\t\t\tsrc=\"https:\/\/maps.google.com\/maps?q=Forlife%20Led%20%26%20Solar%20Ayd%C4%B1nlatma%2C%20Bereketzade%20Mahallesi%2C%20Bankalar%20Caddesi%2CNo%3A26%2C%20Beyo%C4%9Flu%2C%20istanbul&#038;t=m&#038;z=13&#038;output=embed&#038;iwloc=near\"\n\t\t\t\t\ttitle=\"Forlife Led &amp; Solar Ayd\u0131nlatma, Bereketzade Mahallesi, Bankalar Caddesi,No:26, Beyo\u011flu, istanbul\"\n\t\t\t\t\taria-label=\"Forlife Led &amp; Solar Ayd\u0131nlatma, Bereketzade Mahallesi, Bankalar Caddesi,No:26, Beyo\u011flu, istanbul\"\n\t\t\t><\/iframe>\n\t\t<\/div>\n\t\t\t\t\t\t<\/div>\n\t\t\t\t<\/div>\n\t\t\t\t<\/div>\n\t\t\t\t<\/div>","protected":false},"excerpt":{"rendered":"<p>Bize Yaz\u0131n SORUNUZ VAR MI? Merkez Bereketzade Mh. Bankalar Cd. No:26 Nazl\u0131 Han Kat:1 Daire:3 Beyo\u011flu &#8211; \u0130STANBUL+90 212 244 5989+90 212 293 3705info@forlife.com.tr Showroom Bereketzade Mh. Bankalar Cd.No:26 Nazl\u0131 Han Kat:1 Daire:3Beyo\u011flu &#8211; \u0130STANBUL+90 212 244 5989+90 212 293 3705info@forlife.com.tr<\/p>","protected":false},"author":1,"featured_media":0,"parent":0,"menu_order":0,"comment_status":"closed","ping_status":"closed","template":"","meta":{"_joinchat":[],"footnotes":""},"class_list":["post-677","page","type-page","status-publish","hentry"],"_links":{"self":[{"href":"https:\/\/www.forlife.com.tr\/en\/wp-json\/wp\/v2\/pages\/677","targetHints":{"allow":["GET"]}}],"collection":[{"href":"https:\/\/www.forlife.com.tr\/en\/wp-json\/wp\/v2\/pages"}],"about":[{"href":"https:\/\/www.forlife.com.tr\/en\/wp-json\/wp\/v2\/types\/page"}],"author":[{"embeddable":true,"href":"https:\/\/www.forlife.com.tr\/en\/wp-json\/wp\/v2\/users\/1"}],"replies":[{"embeddable":true,"href":"https:\/\/www.forlife.com.tr\/en\/wp-json\/wp\/v2\/comments?post=677"}],"version-history":[{"count":0,"href":"https:\/\/www.forlife.com.tr\/en\/wp-json\/wp\/v2\/pages\/677\/revisions"}],"wp:attachment":[{"href":"https:\/\/www.forlife.com.tr\/en\/wp-json\/wp\/v2\/media?parent=677"}],"curies":[{"name":"wp","href":"https:\/\/api.w.org\/{rel}","templated":true}]}}