{"id":551,"date":"2020-04-02T12:01:47","date_gmt":"2020-04-02T12:01:47","guid":{"rendered":"https:\/\/konsept.qodeinteractive.com\/?page_id=551"},"modified":"2025-06-11T12:23:07","modified_gmt":"2025-06-11T09:23:07","slug":"hakkimizda","status":"publish","type":"page","link":"https:\/\/www.forlife.com.tr\/en\/hakkimizda","title":{"rendered":"About Us"},"content":{"rendered":"<div data-elementor-type=\"wp-page\" data-elementor-id=\"551\" class=\"elementor elementor-551\">\n\t\t\t\t\t\t<section class=\"elementor-section elementor-top-section elementor-element elementor-element-5e048849 qodef-elementor-content-grid elementor-section-boxed elementor-section-height-default elementor-section-height-default\" data-id=\"5e048849\" data-element_type=\"section\" data-e-type=\"section\">\n\t\t\t\t\t\t<div class=\"elementor-container elementor-column-gap-default\">\n\t\t\t\t\t<div class=\"elementor-column elementor-col-100 elementor-top-column elementor-element elementor-element-13605c27\" data-id=\"13605c27\" data-element_type=\"column\" data-e-type=\"column\">\n\t\t\t<div class=\"elementor-widget-wrap elementor-element-populated\">\n\t\t\t\t\t\t<div class=\"elementor-element elementor-element-35de9070 elementor-widget elementor-widget-konsept_core_section_title\" data-id=\"35de9070\" data-element_type=\"widget\" data-e-type=\"widget\" data-widget_type=\"konsept_core_section_title.default\">\n\t\t\t\t<div class=\"elementor-widget-container\">\n\t\t\t\t\t<div class=\"qodef-shortcode qodef-m  qodef-section-title qodef-alignment--center\">\n\t    <span class=\"qodef-m-tagline\" >&quot;Bizde I\u015f\u0131k Var&quot;<\/span>\n\t\t<h2 class=\"qodef-m-title\" >\n\t\t\t\t\tFORLIFE\t\t\t<\/h2>\n\t<\/div>\t\t\t\t<\/div>\n\t\t\t\t<\/div>\n\t\t\t\t<div class=\"elementor-element elementor-element-0521a77 elementor-widget elementor-widget-text-editor\" data-id=\"0521a77\" data-element_type=\"widget\" data-e-type=\"widget\" data-widget_type=\"text-editor.default\">\n\t\t\t\t<div class=\"elementor-widget-container\">\n\t\t\t\t\t\t\t\t\t<p>\u00a0<\/p><p><strong>FORL\u0130FE | I\u015f\u0131kla Ge\u00e7en 34 Y\u0131ll\u0131k Yolculuk<\/strong><br \/>1991 y\u0131l\u0131nda \u0130stanbul\u2019da kurulan FORLIFE A.\u015e. 34 y\u0131ll\u0131k deneyimiyle yerli ve milli de\u011ferlere ba\u011fl\u0131, g\u00fcvenilir bir marka olarak faaliyet g\u00f6stermektedir. Kurulu\u015fumuzdan bu yana hedeflerimiz do\u011frultusunda estetik ve verimli ayd\u0131nlatma \u00e7\u00f6z\u00fcmlerimizle, hem i\u00e7 mek\u00e2nlarda hem de d\u0131\u015f mek\u00e2nlarda geni\u015f bir uygulama alan\u0131 sunmaktad\u0131r. Ev, ofis, end\u00fcstriyel tesisler ve d\u0131\u015f mek\u00e2nlar i\u00e7in geli\u015ftirdi\u011fimiz Led \u00fcr\u00fcnlerimiz, \u00e7evre dostu yap\u0131lar\u0131 ile enerji tasarrufunu \u00f6n planda tutarak s\u00fcrd\u00fcr\u00fclebilir bir gelece\u011fe katk\u0131da bulunmaktad\u0131r.<br \/>6000 metrekarelik modern ve son teknoloji ile donat\u0131lm\u0131\u015f tesisimizde \u00fcretim yapmaktay\u0131z. 5000\u2019e yak\u0131n geni\u015f \u00fcr\u00fcn yelpazemiz, her t\u00fcrl\u00fc ayd\u0131nlatma ihtiyac\u0131na y\u00f6nelik \u00e7\u00f6z\u00fcmler sunarken, kaliteyi temel alan \u00fcretim anlay\u0131\u015f\u0131m\u0131zla ilerliyoruz.<br \/>Yenilik\u00e7i yakla\u015f\u0131m\u0131m\u0131zla, \u00fcr\u00fcn portf\u00f6y\u00fcm\u00fcz\u00fc yaln\u0131zca LED ayd\u0131nlatma \u00fcr\u00fcnleriyle s\u0131n\u0131rl\u0131 tutmuyor, ayn\u0131 zamanda solar ve yenilenebilir enerji kaynakl\u0131 ayd\u0131nlatma sistemleri ile \u00e7evreye duyarl\u0131 \u00e7\u00f6z\u00fcmler sunuyoruz. G\u00fcne\u015f enerjisi ile \u00e7al\u0131\u015fan ayd\u0131nlatma \u00fcr\u00fcnlerimiz, enerji verimlili\u011fini art\u0131r\u0131rken, karbon ayak izini en aza indirmeyi hedeflemektedir. Bu alandaki yat\u0131r\u0131mlar\u0131m\u0131zla, gelece\u011fin enerji kaynaklar\u0131n\u0131 bug\u00fcnden kullan\u0131ma sunarak, m\u00fc\u015fterilerimize s\u00fcrd\u00fcr\u00fclebilir ve ekonomik \u00e7\u00f6z\u00fcmler sa\u011fl\u0131yoruz.<br \/>FORLIFE A.\u015e. olarak, Led ayd\u0131nlatma ve Solar enerji sistemlerinde \u00f6nc\u00fc ve lider konumumuzu, yenilik\u00e7i, enerji tasarruflu ve yenilenebilir enerjiye dayal\u0131 \u00fcr\u00fcnlerimizle en \u00fcst seviyede korumay\u0131 hedeflerken, g\u00fc\u00e7l\u00fc stok kapasitemizle de m\u00fc\u015fterilerimizin taleplerine h\u0131zla yan\u0131t verebilmekteyiz. Ayd\u0131nlatmada sadece bug\u00fcn\u00fcn de\u011fil, gelece\u011fin ihtiya\u00e7lar\u0131n\u0131 da kar\u015f\u0131layan \u00e7\u00f6z\u00fcmlerimizle, sekt\u00f6rdeki liderli\u011fimizi peki\u015ftiriyoruz.<br \/>M\u00fc\u015fteri memnuniyetini ve s\u00fcrd\u00fcr\u00fclebilirli\u011fi temel de\u011ferlerimizden biri olarak g\u00f6r\u00fcyor, bu do\u011frultuda, \u00e7evre dostu \u00fcretim s\u00fcre\u00e7lerimizi geli\u015ftiriyor ve enerji verimlili\u011fi y\u00fcksek, yenilenebilir kaynaklarla \u00e7al\u0131\u015fan \u00fcr\u00fcnlerle sekt\u00f6re y\u00f6n veriyoruz. FORLIFE A.\u015e. Led ve Solar teknolojisinde d\u00fcnya devi markalarla i\u015fbirlikleri yaparak uluslararas\u0131 d\u00fczeyde de ad\u0131ndan s\u00f6z ettirmektedir. Sadece T\u00fcrkiye\u2019de de\u011fil, global pazarda da rekabet\u00e7i bir g\u00fc\u00e7 olma hedefimizle, yenilik\u00e7i \u00e7\u00f6z\u00fcmler sunmaya devam ediyoruz.<br \/>Alanlar\u0131nda uzman ekibimizle sizlere beklentileriniz do\u011frultusunda destek olmaya haz\u0131r\u0131z ve hizmet vermekten onur duyaca\u011f\u0131z.<\/p><p>Sayg\u0131lar\u0131m\u0131zla<br \/><strong>Forlife Ayd\u0131nlatma San. Tic. A.\u015e.<\/strong><\/p>\t\t\t\t\t\t\t\t<\/div>\n\t\t\t\t<\/div>\n\t\t\t\t\t<\/div>\n\t\t<\/div>\n\t\t\t\t\t<\/div>\n\t\t<\/section>\n\t\t\t\t<section class=\"elementor-section elementor-top-section elementor-element elementor-element-7414c05a elementor-section-stretched elementor-section-boxed elementor-section-height-default elementor-section-height-default qodef-elementor-content-no\" data-id=\"7414c05a\" data-element_type=\"section\" data-e-type=\"section\" data-settings=\"{&quot;stretch_section&quot;:&quot;section-stretched&quot;}\">\n\t\t\t\t\t\t<div class=\"elementor-container elementor-column-gap-default\">\n\t\t\t\t\t<div class=\"elementor-column elementor-col-100 elementor-top-column elementor-element elementor-element-3aac8d7\" data-id=\"3aac8d7\" data-element_type=\"column\" data-e-type=\"column\">\n\t\t\t<div class=\"elementor-widget-wrap elementor-element-populated\">\n\t\t\t\t\t\t<div class=\"elementor-element elementor-element-4ef79f99 elementor-widget__width-initial elementor-widget elementor-widget-konsept_core_video_button\" data-id=\"4ef79f99\" data-element_type=\"widget\" data-e-type=\"widget\" data-widget_type=\"konsept_core_video_button.default\">\n\t\t\t\t<div class=\"elementor-widget-container\">\n\t\t\t\t\t<div class=\"qodef-shortcode qodef-m  qodef-video-button qodef--has-img\">\n\t    <div class=\"qodef-m-image\">\n\t\t<img fetchpriority=\"high\" decoding=\"async\" width=\"1200\" height=\"675\" src=\"https:\/\/www.forlife.com.tr\/wp-content\/uploads\/2024\/10\/boru-jenerik-1-1.jpg\" class=\"attachment-full size-full\" alt=\"\" srcset=\"https:\/\/www.forlife.com.tr\/wp-content\/uploads\/2024\/10\/boru-jenerik-1-1.jpg 1200w, https:\/\/www.forlife.com.tr\/wp-content\/uploads\/2024\/10\/boru-jenerik-1-1-600x338.jpg 600w, https:\/\/www.forlife.com.tr\/wp-content\/uploads\/2024\/10\/boru-jenerik-1-1-64x36.jpg 64w, https:\/\/www.forlife.com.tr\/wp-content\/uploads\/2024\/10\/boru-jenerik-1-1-300x169.jpg 300w, https:\/\/www.forlife.com.tr\/wp-content\/uploads\/2024\/10\/boru-jenerik-1-1-1024x576.jpg 1024w, https:\/\/www.forlife.com.tr\/wp-content\/uploads\/2024\/10\/boru-jenerik-1-1-768x432.jpg 768w\" sizes=\"(max-width: 1200px) 100vw, 1200px\" \/>    <\/div>\n\t\t<a itemprop=\"url\" class=\"qodef-m-play qodef-magnific-popup qodef-popup-item\"  href=\"https:\/\/www.youtube.com\/watch?v=zGhC7Hc-jqk\" data-type=\"iframe\">\n\t\t<span class=\"qodef-m-play-inner\">\n\t\t\t<svg class=\"qodef-svg-circle\"><circle cx=\"50%\" cy=\"50%\" r=\"50%\"><\/circle><circle cx=\"50%\" cy=\"50%\" r=\"50%\"><\/circle><\/svg>\n            <span class=\"qodef-m-play-square\"><\/span> <span>Play<\/span>\n\t\t<\/span>\n\t<\/a>\n<\/div>\t\t\t\t<\/div>\n\t\t\t\t<\/div>\n\t\t\t\t\t<\/div>\n\t\t<\/div>\n\t\t\t\t\t<\/div>\n\t\t<\/section>\n\t\t\t\t<\/div>","protected":false},"excerpt":{"rendered":"<p>&quot;Bizde I\u015f\u0131k Var&quot; FORLIFE \u00a0 FORL\u0130FE | I\u015f\u0131kla Ge\u00e7en 34 Y\u0131ll\u0131k Yolculuk1991 y\u0131l\u0131nda \u0130stanbul\u2019da kurulan FORLIFE A.\u015e. 34 y\u0131ll\u0131k deneyimiyle yerli ve milli de\u011ferlere ba\u011fl\u0131, g\u00fcvenilir bir marka olarak faaliyet g\u00f6stermektedir. Kurulu\u015fumuzdan bu yana hedeflerimiz do\u011frultusunda estetik ve verimli ayd\u0131nlatma \u00e7\u00f6z\u00fcmlerimizle, hem i\u00e7 mek\u00e2nlarda hem de d\u0131\u015f mek\u00e2nlarda geni\u015f bir uygulama alan\u0131 sunmaktad\u0131r. Ev, ofis, [&hellip;]<\/p>\n","protected":false},"author":1,"featured_media":0,"parent":0,"menu_order":0,"comment_status":"closed","ping_status":"closed","template":"","meta":{"_joinchat":[],"footnotes":""},"class_list":["post-551","page","type-page","status-publish","hentry"],"_links":{"self":[{"href":"https:\/\/www.forlife.com.tr\/en\/wp-json\/wp\/v2\/pages\/551","targetHints":{"allow":["GET"]}}],"collection":[{"href":"https:\/\/www.forlife.com.tr\/en\/wp-json\/wp\/v2\/pages"}],"about":[{"href":"https:\/\/www.forlife.com.tr\/en\/wp-json\/wp\/v2\/types\/page"}],"author":[{"embeddable":true,"href":"https:\/\/www.forlife.com.tr\/en\/wp-json\/wp\/v2\/users\/1"}],"replies":[{"embeddable":true,"href":"https:\/\/www.forlife.com.tr\/en\/wp-json\/wp\/v2\/comments?post=551"}],"version-history":[{"count":6,"href":"https:\/\/www.forlife.com.tr\/en\/wp-json\/wp\/v2\/pages\/551\/revisions"}],"predecessor-version":[{"id":11023,"href":"https:\/\/www.forlife.com.tr\/en\/wp-json\/wp\/v2\/pages\/551\/revisions\/11023"}],"wp:attachment":[{"href":"https:\/\/www.forlife.com.tr\/en\/wp-json\/wp\/v2\/media?parent=551"}],"curies":[{"name":"wp","href":"https:\/\/api.w.org\/{rel}","templated":true}]}}